{"id":43,"date":"2018-07-09T09:14:43","date_gmt":"2018-07-09T07:14:43","guid":{"rendered":"http:\/\/energydemo.local\/?page_id=43"},"modified":"2020-05-15T11:01:58","modified_gmt":"2020-05-15T09:01:58","slug":"c7b38-energy-about","status":"publish","type":"page","link":"https:\/\/www.comrobot.de\/?page_id=43","title":{"rendered":"Impressum"},"content":{"rendered":"\t\t<div data-elementor-type=\"wp-post\" data-elementor-id=\"43\" class=\"elementor elementor-43\">\n\t\t\t\t\t\t<section class=\"elementor-section elementor-top-section elementor-element elementor-element-41284bbc elementor-section-boxed elementor-section-height-default elementor-section-height-default\" data-id=\"41284bbc\" data-element_type=\"section\" data-e-type=\"section\" data-settings=\"{&quot;background_background&quot;:&quot;gradient&quot;}\">\n\t\t\t\t\t\t\t<div class=\"elementor-background-overlay\"><\/div>\n\t\t\t\t\t\t\t<div class=\"elementor-container elementor-column-gap-default\">\n\t\t\t\t\t<div class=\"elementor-column elementor-col-100 elementor-top-column elementor-element elementor-element-78079556\" data-id=\"78079556\" data-element_type=\"column\" data-e-type=\"column\">\n\t\t\t<div class=\"elementor-widget-wrap elementor-element-populated\">\n\t\t\t\t\t\t<div class=\"elementor-element elementor-element-d32b174 elementor-widget elementor-widget-heading\" data-id=\"d32b174\" data-element_type=\"widget\" data-e-type=\"widget\" data-widget_type=\"heading.default\">\n\t\t\t\t<div class=\"elementor-widget-container\">\n\t\t\t\t\t<h2 class=\"elementor-heading-title elementor-size-default\">Impressum und Kontakt<\/h2>\t\t\t\t<\/div>\n\t\t\t\t<\/div>\n\t\t\t\t\t<\/div>\n\t\t<\/div>\n\t\t\t\t\t<\/div>\n\t\t<\/section>\n\t\t\t\t<section class=\"elementor-section elementor-top-section elementor-element elementor-element-4d88f9d elementor-section-boxed elementor-section-height-default elementor-section-height-default\" data-id=\"4d88f9d\" data-element_type=\"section\" data-e-type=\"section\">\n\t\t\t\t\t\t<div class=\"elementor-container elementor-column-gap-default\">\n\t\t\t\t\t<div class=\"elementor-column elementor-col-50 elementor-top-column elementor-element elementor-element-4ffa0af\" data-id=\"4ffa0af\" data-element_type=\"column\" data-e-type=\"column\" data-settings=\"{&quot;background_background&quot;:&quot;classic&quot;}\">\n\t\t\t<div class=\"elementor-widget-wrap elementor-element-populated\">\n\t\t\t\t\t\t<div class=\"elementor-element elementor-element-b829659 elementor-tabs-view-horizontal elementor-widget elementor-widget-tabs\" data-id=\"b829659\" data-element_type=\"widget\" data-e-type=\"widget\" data-widget_type=\"tabs.default\">\n\t\t\t\t<div class=\"elementor-widget-container\">\n\t\t\t\t\t\t\t<div class=\"elementor-tabs\">\n\t\t\t<div class=\"elementor-tabs-wrapper\" role=\"tablist\" >\n\t\t\t\t\t\t\t\t\t<div id=\"elementor-tab-title-1931\" class=\"elementor-tab-title elementor-tab-desktop-title\" aria-selected=\"true\" data-tab=\"1\" role=\"tab\" tabindex=\"0\" aria-controls=\"elementor-tab-content-1931\" aria-expanded=\"false\">Impressum<\/div>\n\t\t\t\t\t\t\t\t\t<div id=\"elementor-tab-title-1932\" class=\"elementor-tab-title elementor-tab-desktop-title\" aria-selected=\"false\" data-tab=\"2\" role=\"tab\" tabindex=\"-1\" aria-controls=\"elementor-tab-content-1932\" aria-expanded=\"false\">Datenschutzerkl\u00e4rung<\/div>\n\t\t\t\t\t\t\t<\/div>\n\t\t\t<div class=\"elementor-tabs-content-wrapper\" role=\"tablist\" aria-orientation=\"vertical\">\n\t\t\t\t\t\t\t\t\t<div class=\"elementor-tab-title elementor-tab-mobile-title\" aria-selected=\"true\" data-tab=\"1\" role=\"tab\" tabindex=\"0\" aria-controls=\"elementor-tab-content-1931\" aria-expanded=\"false\">Impressum<\/div>\n\t\t\t\t\t<div id=\"elementor-tab-content-1931\" class=\"elementor-tab-content elementor-clearfix\" data-tab=\"1\" role=\"tabpanel\" aria-labelledby=\"elementor-tab-title-1931\" tabindex=\"0\" hidden=\"false\"><address><strong>Ingenieurb\u00fcro Kojna Boykinov<\/strong><br \/><strong><\/strong><br \/>Schondelle Str. 9A<br \/>44229 Dortmund<br \/><abbr title=\"Telefon\">Tel.<\/abbr> +49(0) 231 586 947 455<\/address><address><strong><strong>EMail:\u00a0 <\/strong><\/strong><\/address><address><strong><strong><img decoding=\"async\" src=\"https:\/\/www.comrobot.de\/wp-content\/uploads\/2020\/05\/mail_to_comrobot.gif\" alt=\"\" class=\"alignnone size-full wp-image-599\" width=\"300\" height=\"18\" \/><br \/><\/strong><\/strong><\/address><\/div>\n\t\t\t\t\t\t\t\t\t<div class=\"elementor-tab-title elementor-tab-mobile-title\" aria-selected=\"false\" data-tab=\"2\" role=\"tab\" tabindex=\"-1\" aria-controls=\"elementor-tab-content-1932\" aria-expanded=\"false\">Datenschutzerkl\u00e4rung<\/div>\n\t\t\t\t\t<div id=\"elementor-tab-content-1932\" class=\"elementor-tab-content elementor-clearfix\" data-tab=\"2\" role=\"tabpanel\" aria-labelledby=\"elementor-tab-title-1932\" tabindex=\"0\" hidden=\"hidden\"><h4 class=\"av-special-heading-tag \" itemprop=\"headline\">DATENSCHUTZERKL\u00c4RUNG<\/h4><p>Comrobot nimmt den Schutz Ihrer personenbezogenen Daten sehr ernst. Wir behandeln Ihre personenbezogenen Daten vertraulich und entsprechend den Vorgaben des Datenschutzrechts. Mit dieser Datenschutzerkl\u00e4rung informieren wir Sie dar\u00fcber, wie, in welchem Umfang und zu welchen Zwecken wir bei der Nutzung der Website personenbezogene Daten verarbeiten.<\/p><p>01. Gegenstand dieser Erkl\u00e4rung<\/p><p>Gegenstand des Datenschutzes sind personenbezogene Daten. Daten sind personenbezogen, wenn sie einer bestimmten oder bestimmbaren Person zugeordnet werden k\u00f6nnen. Beispiele f\u00fcr personenbezogene Daten sind:<\/p><p>Vor-\/Nachname<br \/>Adresse<br \/>E-Mail Adresse<br \/>Kreditkartennummer<br \/>Telefonnummer<br \/>02. Datenverarbeitung auf Veranlassung<\/p><p>Die Nutzung unserer Website ist in der Regel ohne Angabe personenbezogener Daten m\u00f6glich. Sie sind weder verpflichtet, diese Website aufzurufen, noch personenbezogene Daten anzugeben. Die Angabe personenbezogener Daten ist auch nicht zum Abschluss eines Vertrages erforderlich. Aus einer Nichtbereitstellung Ihrer personenbezogenen Daten ergeben sich f\u00fcr Sie keine Konsequenzen.<\/p><p>03. Datenverarbeitung zur Erm\u00f6glichung der Website-Nutzung<\/p><p>Personenbezogene Daten \u00fcber die Inanspruchnahme unserer Internetseite (Nutzungsdaten) erheben, verarbeiten und nutzen wir nur, soweit dies erforderlich ist. Hierzu z\u00e4hlen Ihre IP-Adresse und Daten \u00fcber Beginn, Ende und Gegenstand Ihrer Nutzung der Website. Diese Daten dienen der Erbringung und bedarfsgerechter Gestaltung des Dienstes. Sie werden grunds\u00e4tzlich gel\u00f6scht, sobald Sie nicht mehr ben\u00f6tigt werden und keine Aufbewahrungspflichten bestehen.<\/p><p>04. Cookies<\/p><p>Wenn Sie unsere Website besuchen kann es sein, dass Informationen in Form eines Cookies auf Ihrem Computer abgelegt werden. Cookies dienen dazu, unser Angebot nutzerfreundlicher, effektiver und sicherer zu machen. Cookies sind kleine Textdateien, die von einem Webserver an den Browser des Benutzers gesendet und auf der Festplatte Ihres Computers gespeichert werden. Cookies erleichtern die Nutzung unserer Website, indem<\/p><p>Status<br \/>Anwendungen<br \/>Pr\u00e4ferenzen<br \/>und andere Benutzerdaten<br \/>gespeichert werden. Die meisten der von uns verwendeten Cookies sind so genannte Session-Cookies. Sie werden nach Ende Ihres Besuchs automatisch gel\u00f6scht. Andere Cookies bleiben auf Ihrem Endger\u00e4t gespeichert, bis Sie diese l\u00f6schen. Diese erm\u00f6glichen es uns, Ihren Browser beim n\u00e4chsten Besuch wiederzuerkennen. Die meisten Browser sind so eingestellt, dass sie Cookies automatisch akzeptieren. Sie k\u00f6nnen Ihren Browser jedoch so einstellen, dass Sie \u00fcber das Setzen informiert werden und dieses dann im Einzelfall erlauben k\u00f6nnen. Au\u00dferdem k\u00f6nnen Sie die Annahme von Cookies f\u00fcr bestimmte F\u00e4lle (z.B. Cookies von Drittanbietern) deaktivieren, etwa wenn Sie Webtracking unterbinden m\u00f6chten. Es ist ebenfalls m\u00f6glich, die automatische Annahme generell auszuschlie\u00dfen sowie das automatische L\u00f6schen der Cookies beim Schlie\u00dfen des Browsers zu aktivieren. N\u00e4here Informationen hierzu finden Sie in der Hilfefunktion Ihres Browsers. Bei der Deaktivierung von Cookies kann ggf. die Funktionalit\u00e4t dieser Website eingeschr\u00e4nkt sein.<\/p><p>05. Rechtsgrundlage<\/p><p>Die Rechtsgrundlage f\u00fcr die Verarbeitung h\u00e4ngt jeweils davon ab, f\u00fcr welchen Zweck die Daten verarbeitet werden. Die Verarbeitung Ihrer Daten findet auf Grundlage des geltenden Datenschutzrechts f\u00fcr Telemedien sowie gem\u00e4\u00df Art. 6 Abs. 1 S. 1 lit. f DSGVO statt. Unser berechtigtes Interesse besteht in der bedarfsgerechten Gestaltung der Webseite.<\/p><p>06. Soziale Netzwerke<\/p><p>Unsere Website enth\u00e4lt Links zu sozialen Netzwerken (z.B. Facebook, Twitter, XING, LinkedIn).<\/p><p>Diese sozialen Netzwerke werden ausschlie\u00dflich von Dritten betrieben. Wenn Sie den Links folgen, werden ggf. Informationen an diese Dritten \u00fcbermittelt. Um den Schutz Ihrer Daten beim Besuch unserer Website zu erh\u00f6hen, sind die Plugins nicht uneingeschr\u00e4nkt, sondern lediglich unter Verwendung eines HTML Links (sogenannte Shariff-L\u00f6sung von c\u2018t) in die Seite eingebunden. Diese Einbindung gew\u00e4hrleistet, dass beim Aufruf einer Seite unseres Webauftritts, die solche Plugins enth\u00e4lt, noch keine Verbindung mit den Servern des Anbieters des jeweiligen sozialen Netzwerks hergestellt wird. Wenn Sie auf einen der Buttons klicken, \u00f6ffnet sich die Seite des jeweiligen Dienstanbieters in einem neuen Fenster Ihres Browsers, auf der Sie dann (ggf. nach Eingabe Ihrer Login-Daten) beispielsweise den Like- oder Share-Button bet\u00e4tigen k\u00f6nnen.<\/p><p>Zweck und Umfang der Datenerhebung und die weitere Verarbeitung und Nutzung der Daten durch das soziale Netzwerk sowie ihrer diesbez\u00fcglichen Rechte und Einstellungsm\u00f6glichkeiten zum Schutze Ihrer Privatsph\u00e4re, entnehmen Sie bitte den Datenschutzhinweisen des jeweiligen Anbieters. Diese finden Sie hier:<\/p><p>Twitter, Inc., 1355 Market St, Suite 900, San Francisco, California 94103, USA<br \/>https:\/\/twitter.com\/privacy\/<\/p><p>Xing AG, G\u00e4nsemarkt 43, 20354 Hamburg, DE<br \/>https:\/\/www.xing.com\/privacy<\/p><p>LinkedIn Corporation, 2029 Stierlin Court, Mountain View, California 94043, USA<br \/>http:\/\/www.linkedin.com\/legal\/privacy-policy\/<\/p><p>07. Google-Maps<\/p><p>In unserem Internetauftritt setzen wir Google Maps zur Darstellung unseres Standorts sowie zur Erstellung einer Anfahrtsbeschreibung ein. Es handelt sich hierbei um einen Dienst der Google LLC, 1600 Amphitheatre Parkway, Mountain View, CA 94043 USA, nachfolgend nur \u201eGoogle\u201c genannt.<br \/>Durch die Zertifizierung nach dem EU-US-Datenschutzschild (\u201eEU-US Privacy Shield\u201c)<br \/>https:\/\/www.privacyshield.gov\/participant?id=a2zt000000001L5AAI&amp;status=Active<br \/>garantiert Google, dass die Datenschutzvorgaben der EU auch bei der Verarbeitung von Daten in den USA eingehalten werden.<\/p><p>Sofern Sie die in unseren Internetauftritt eingebundene Komponente Google Maps aufrufen, speichert Google \u00fcber Ihren Internet-Browser ein Cookie auf Ihrem Endger\u00e4t. Um unseren Standort anzuzeigen und eine Anfahrtsbeschreibung zu erstellen, werden Ihre Nutzereinstellungen und -daten verarbeitet. Hierbei k\u00f6nnen wir nicht ausschlie\u00dfen, dass Google Server in den USA einsetzt.<\/p><p>Sofern Sie mit dieser Verarbeitung nicht einverstanden sind, haben Sie die M\u00f6glichkeit, die Installation der Cookies durch die entsprechenden Einstellungen in Ihrem Internet-Browser zu verhindern.<\/p><p>Rechtsgrundlage ist Art. 6 Abs. 1 lit. f) DSGVO. Unser berechtigtes Interesse liegt in der Optimierung der Funktionalit\u00e4t unseres Internetauftritts.<br \/>Durch die so hergestellte Verbindung zu Google kann Google ermitteln, von welcher Website Ihre Anfrage gesendet worden ist und an welche IP-Adresse die Anfahrtsbeschreibung zu \u00fcbermitteln ist.<\/p><p>08. \u00dcbermittlung an Dritte<\/p><p>Eine \u00dcbermittlung Ihrer personenbezogenen Daten an Dritte erfolgt nur, sofern hierf\u00fcr eine gesetzliche Erlaubnis besteht oder Sie zuvor eingewilligt haben. An staatliche Stellen geben wir Ihre Daten nur im Rahmen der gesetzlichen Pflichten, aufgrund einer beh\u00f6rdlichen Anordnung oder gerichtlichen Entscheidung weiter. Wir weisen darauf hin, dass die Daten\u00fcbertragung im Internet (z.B. bei der Kommunikation per E-Mail) Sicherheitsl\u00fccken aufweisen kann. Ein l\u00fcckenloser Schutz der Daten vor dem Zugriff durch Dritte ist nicht m\u00f6glich.<\/p><p>09. Daten\u00fcbermittlung in Staaten au\u00dferhalb der EU<\/p><p>Soweit f\u00fcr unsere Zwecke erforderlich, \u00fcbermitteln wir Ihre Daten auch an Empf\u00e4nger au\u00dferhalb der EU, wenn dabei sichergestellt ist, dass der Empf\u00e4nger der Daten ein angemessenes Datenschutzniveau gew\u00e4hrleistet und keine anderen sch\u00fctzenswerten Interessen gegen die Daten\u00fcbermittlung sprechen.<\/p><p>10. L\u00f6schung<\/p><p>Ihre personenbezogenen Daten werden von uns so lange gespeichert, wie es f\u00fcr die vorgenannten Zwecke der Verarbeitung erforderlich ist. Im Falle eines Widerspruchs d\u00fcrfen keine zwingenden schutzw\u00fcrdigen Gr\u00fcnde oder sonstige Rechtsgrundlagen f\u00fcr die Datenverarbeitung der L\u00f6schung entgegenstehen.<\/p><p>11. Sicherheitsma\u00dfnahmen zum Schutz Ihrer personenbezogenen Daten<\/p><p>Comrobot sch\u00fctzt Ihre Daten durch technische und organisatorische Ma\u00dfnahmen vor unberechtigtem Zugriff, Verlust oder Zerst\u00f6rung. Unsere Sicherheitsma\u00dfnahmen werden entsprechend der technologischen Entwicklung fortlaufend verbessert. Unsere Mitarbeiter und alle an der Datenverarbeitung beteiligten Personen sind zur Einhaltung Datenschutz relevanter Gesetze und dem vertraulichen Umgang mit personenbezogenen Daten verpflichtet. Unsere Mitarbeiter sind entsprechend geschult.<\/p><p>Zum Schutz der personenbezogenen Daten unserer Nutzer benutzen wir ein sicheres Online-\u00dcbertragungsverfahren, die so genannte \u201dSecure Socket Layer\u201d (SSL)-\u00dcbertragung. Sie erkennen dies daran, dass an den Adressbestandteil http:\/\/ ein \u201ds\u201d angeh\u00e4ngt (\u201dhttps:\/\/\u201d), beziehungsweise ein gr\u00fcnes, geschlossenes Schloss-Symbol angezeigt wird. Durch Anklicken des Symbols erhalten Sie Informationen \u00fcber das verwendete SSL-Zertifikat. Die Darstellung des Symbols ist abh\u00e4ngig von der eingesetzten Browser Version. Die SSL-Verschl\u00fcsselung gew\u00e4hrleistet die verschl\u00fcsselte und vollst\u00e4ndige \u00dcbertragung Ihrer Daten.<\/p><p>12. Ihre Rechte<\/p><p>Das Datenschutzrecht gew\u00e4hrt Ihnen eine Reihe von Rechten in Bezug auf Daten, die Ihre Person betreffen (sogenannte Betroffenenrechte). Allgemein ist dies das Recht, Auskunft \u00fcber die bei uns zu Ihrer Person gespeicherten personenbezogenen Daten zu verlangen, das Recht auf Berichtigung, L\u00f6schung oder Einschr\u00e4nkung der Verarbeitung dieser Daten sowie auf Widerspruch gegen die Verarbeitung. Die EU-Datenschutzgrundverordnung gew\u00e4hrt Ihnen zudem grunds\u00e4tzlich ein Recht auf Daten\u00fcbertragbarkeit. Wenn Sie eine Einwilligung zur Verarbeitung Ihrer personenbezogenen Daten erteilt haben, k\u00f6nnen Sie diese jederzeit mit Wirkung f\u00fcr die Zukunft widerrufen. Dies ber\u00fchrt die Rechtm\u00e4\u00dfigkeit der aufgrund der Einwilligung bis zum Widerruf erfolgten Verarbeitung jedoch nicht. Sie haben ferner ein Recht zur Beschwerde bei der zust\u00e4ndigen Datenschutzaufsichtsbeh\u00f6rde.<\/p><p>13. Keine automatisierte Einzelentscheidung<\/p><p>Wir verwenden Ihre personenbezogenen Daten nicht f\u00fcr automatisierte Einzelentscheidungen.<\/p><p>14. \u00c4nderung der Datenschutzerkl\u00e4rung<\/p><p>Neue rechtliche Vorgaben, unternehmerische Entscheidungen oder die technische Entwicklung erfordern gegebenenfalls \u00c4nderungen in unserer Datenschutzerkl\u00e4rung. Die Datenschutzerkl\u00e4rung wird dann entsprechend angepasst. Die aktuellste Version finden Sie immer auf unserer Website.<\/p><p>15. Kontaktaufnahme<\/p><p>Wenn Sie Fragen hinsichtlich der Verarbeitung Ihrer personenbezogenen Daten haben, k\u00f6nnen Sie sich direkt an unseren Beauftragten f\u00fcr den Datenschutz wenden, der auch im Falle von Auskunftsersuchen, Antr\u00e4gen oder Beschwerden zur Verf\u00fcgung steht:<\/p><p>Dipl.Ing. Kojna Boykinov<br \/>Schondelle Str. 9A<br \/>44229 Dortmund<br \/>Tel. +49(0) 231 586 947 450<\/p><\/div>\n\t\t\t\t\t\t\t<\/div>\n\t\t<\/div>\n\t\t\t\t\t\t<\/div>\n\t\t\t\t<\/div>\n\t\t\t\t\t<\/div>\n\t\t<\/div>\n\t\t\t\t<div class=\"elementor-column elementor-col-50 elementor-top-column elementor-element elementor-element-fab5002\" data-id=\"fab5002\" data-element_type=\"column\" data-e-type=\"column\" data-settings=\"{&quot;background_background&quot;:&quot;classic&quot;}\">\n\t\t\t<div class=\"elementor-widget-wrap elementor-element-populated\">\n\t\t\t\t\t\t<div class=\"elementor-element elementor-element-a33668a elementor-widget elementor-widget-content_form_contact\" data-id=\"a33668a\" data-element_type=\"widget\" data-e-type=\"widget\" data-widget_type=\"content_form_contact.default\">\n\t\t\t\t<div class=\"elementor-widget-container\">\n\t\t\t\t\t<form action=\"https:\/\/www.comrobot.de\/wp-admin\/admin-post.php\" method=\"post\" name=\"content-form-a33668a\" id=\"content-form-a33668a\" class=\"ti-cf-module content-form content-form-contact content_form_contact\"><input type=\"hidden\" id=\"_wpnonce_contact\" name=\"_wpnonce_contact\" value=\"bc87ec4cc3\" \/><input type=\"hidden\" name=\"_wp_http_referer\" value=\"\/?page_id=43\" \/><input type=\"hidden\" name=\"action\" value=\"content_form_submit\" \/><input type=\"hidden\" name=\"form-type\" value=\"contact\" \/><input type=\"hidden\" name=\"form-builder\" value=\"elementor\" \/><input type=\"hidden\" name=\"post-id\" value=\"43\" \/><input type=\"hidden\" name=\"form-id\" value=\"a33668a\" \/><fieldset class=&quot;content-form-field-text elementor-column elementor-col-100&quot;><label for=\"data[a33668a][name]\" >Verein \/ Firma<span class=\"required-mark\"> *<\/span><\/label><input type=\"text\" name=\"data[a33668a][name]\" id=\"data[a33668a][name]\" required=required  placeholder=\"Name\"><\/fieldset><fieldset class=&quot;content-form-field-text elementor-column elementor-col-100&quot;><label for=\"data[a33668a][vorname]\" >Vorname<span class=\"required-mark\"> *<\/span><\/label><input type=\"text\" name=\"data[a33668a][vorname]\" id=\"data[a33668a][vorname]\" required=required  placeholder=\"Vorname\"><\/fieldset><fieldset class=&quot;content-form-field-text elementor-column elementor-col-100&quot;><label for=\"data[a33668a][nachname]\" >Nachname<span class=\"required-mark\"> *<\/span><\/label><input type=\"text\" name=\"data[a33668a][nachname]\" id=\"data[a33668a][nachname]\" required=required  placeholder=\"Nachname\"><\/fieldset><fieldset class=&quot;content-form-field-email elementor-column elementor-col-100&quot;><label for=\"data[a33668a][email]\" >Email<span class=\"required-mark\"> *<\/span><\/label><input type=\"text\" name=\"data[a33668a][email]\" id=\"data[a33668a][email]\" required=required  placeholder=\"Email\"><\/fieldset><fieldset class=&quot;content-form-field-number elementor-column elementor-col-100&quot;><label for=\"data[a33668a][phone]\" >Telefon<\/label><input type=\"text\" name=\"data[a33668a][phone]\" id=\"data[a33668a][phone]\"   placeholder=\"Tel.\"><\/fieldset><fieldset class=&quot;content-form-field-textarea elementor-column elementor-col-100&quot;><label for=\"data[a33668a][message]\" >Mitteilung<span class=\"required-mark\"> *<\/span><\/label><textarea name=\"data[a33668a][message]\" id=\"data[a33668a][message]\"  required=required placeholder=\"Text\" cols=\"30\" rows=\"5\"><\/textarea><\/fieldset><fieldset class=\"submit-form contact\"><button type=\"submit\" name=\"submit\"  value=\"submit-contact-a33668a\" class=\"\">Nachricht \u00fcbermitteln<\/button><\/fieldset><\/form>\t\t\t\t<\/div>\n\t\t\t\t<\/div>\n\t\t\t\t\t<\/div>\n\t\t<\/div>\n\t\t\t\t\t<\/div>\n\t\t<\/section>\n\t\t\t\t<\/div>\n\t\t","protected":false},"excerpt":{"rendered":"<p>Impressum und Kontakt Impressum Datenschutzerkl\u00e4rung Impressum Ingenieurb\u00fcro Kojna BoykinovSchondelle Str. 9A44229 DortmundTel. +49(0) 231 586 947 455 EMail:\u00a0 Datenschutzerkl\u00e4rung DATENSCHUTZERKL\u00c4RUNG Comrobot nimmt den Schutz Ihrer personenbezogenen Daten sehr ernst. Wir behandeln Ihre personenbezogenen Daten vertraulich und entsprechend den Vorgaben des Datenschutzrechts. Mit dieser Datenschutzerkl\u00e4rung informieren wir Sie dar\u00fcber, wie, in [&hellip;]<\/p>\n","protected":false},"author":1,"featured_media":0,"parent":0,"menu_order":0,"comment_status":"closed","ping_status":"closed","template":"page-templates\/template-pagebuilder-full-width.php","meta":{"footnotes":""},"class_list":["post-43","page","type-page","status-publish","hentry"],"_links":{"self":[{"href":"https:\/\/www.comrobot.de\/index.php?rest_route=\/wp\/v2\/pages\/43","targetHints":{"allow":["GET"]}}],"collection":[{"href":"https:\/\/www.comrobot.de\/index.php?rest_route=\/wp\/v2\/pages"}],"about":[{"href":"https:\/\/www.comrobot.de\/index.php?rest_route=\/wp\/v2\/types\/page"}],"author":[{"embeddable":true,"href":"https:\/\/www.comrobot.de\/index.php?rest_route=\/wp\/v2\/users\/1"}],"replies":[{"embeddable":true,"href":"https:\/\/www.comrobot.de\/index.php?rest_route=%2Fwp%2Fv2%2Fcomments&post=43"}],"version-history":[{"count":40,"href":"https:\/\/www.comrobot.de\/index.php?rest_route=\/wp\/v2\/pages\/43\/revisions"}],"predecessor-version":[{"id":601,"href":"https:\/\/www.comrobot.de\/index.php?rest_route=\/wp\/v2\/pages\/43\/revisions\/601"}],"wp:attachment":[{"href":"https:\/\/www.comrobot.de\/index.php?rest_route=%2Fwp%2Fv2%2Fmedia&parent=43"}],"curies":[{"name":"wp","href":"https:\/\/api.w.org\/{rel}","templated":true}]}}