{"id":366,"date":"2020-05-06T01:59:11","date_gmt":"2020-05-05T23:59:11","guid":{"rendered":"https:\/\/www.comrobot.de\/?page_id=366"},"modified":"2021-04-01T00:13:42","modified_gmt":"2021-03-31T22:13:42","slug":"bestellprozess","status":"publish","type":"page","link":"https:\/\/www.comrobot.de\/?page_id=366","title":{"rendered":"Bestellung"},"content":{"rendered":"\t\t<div data-elementor-type=\"wp-page\" data-elementor-id=\"366\" class=\"elementor elementor-366\">\n\t\t\t\t\t\t<section class=\"elementor-section elementor-top-section elementor-element elementor-element-fdeb22a elementor-section-boxed elementor-section-height-default elementor-section-height-default\" data-id=\"fdeb22a\" data-element_type=\"section\" data-e-type=\"section\">\n\t\t\t\t\t\t<div class=\"elementor-container elementor-column-gap-default\">\n\t\t\t\t\t<div class=\"elementor-column elementor-col-100 elementor-top-column elementor-element elementor-element-54139ad\" data-id=\"54139ad\" data-element_type=\"column\" data-e-type=\"column\">\n\t\t\t<div class=\"elementor-widget-wrap elementor-element-populated\">\n\t\t\t\t\t\t<div class=\"elementor-element elementor-element-e1a5e0d elementor-widget elementor-widget-spacer\" data-id=\"e1a5e0d\" data-element_type=\"widget\" data-e-type=\"widget\" data-widget_type=\"spacer.default\">\n\t\t\t\t<div class=\"elementor-widget-container\">\n\t\t\t\t\t\t\t<div class=\"elementor-spacer\">\n\t\t\t<div class=\"elementor-spacer-inner\"><\/div>\n\t\t<\/div>\n\t\t\t\t\t\t<\/div>\n\t\t\t\t<\/div>\n\t\t\t\t<div class=\"elementor-element elementor-element-d60903e elementor-widget elementor-widget-heading\" data-id=\"d60903e\" data-element_type=\"widget\" data-e-type=\"widget\" data-widget_type=\"heading.default\">\n\t\t\t\t<div class=\"elementor-widget-container\">\n\t\t\t\t\t<h2 class=\"elementor-heading-title elementor-size-default\">Stelle hier deine Bestellanfrage und starte mit der digitalen Platzverwaltung<\/h2>\t\t\t\t<\/div>\n\t\t\t\t<\/div>\n\t\t\t\t<div class=\"elementor-element elementor-element-29e607b elementor-widget elementor-widget-spacer\" data-id=\"29e607b\" data-element_type=\"widget\" data-e-type=\"widget\" data-widget_type=\"spacer.default\">\n\t\t\t\t<div class=\"elementor-widget-container\">\n\t\t\t\t\t\t\t<div class=\"elementor-spacer\">\n\t\t\t<div class=\"elementor-spacer-inner\"><\/div>\n\t\t<\/div>\n\t\t\t\t\t\t<\/div>\n\t\t\t\t<\/div>\n\t\t\t\t\t<\/div>\n\t\t<\/div>\n\t\t\t\t\t<\/div>\n\t\t<\/section>\n\t\t\t\t<section class=\"elementor-section elementor-top-section elementor-element elementor-element-88376d0 elementor-section-boxed elementor-section-height-default elementor-section-height-default\" data-id=\"88376d0\" data-element_type=\"section\" data-e-type=\"section\" id=\"table\" data-settings=\"{&quot;background_background&quot;:&quot;classic&quot;}\">\n\t\t\t\t\t\t<div class=\"elementor-container elementor-column-gap-default\">\n\t\t\t\t\t<div class=\"elementor-column elementor-col-33 elementor-top-column elementor-element elementor-element-86f6875\" data-id=\"86f6875\" data-element_type=\"column\" data-e-type=\"column\" data-settings=\"{&quot;background_background&quot;:&quot;classic&quot;}\">\n\t\t\t<div class=\"elementor-widget-wrap elementor-element-populated\">\n\t\t\t\t\t\t<div class=\"elementor-element elementor-element-79e0070 elementor-widget elementor-widget-obfx-pricing-table\" data-id=\"79e0070\" data-element_type=\"widget\" data-e-type=\"widget\" data-widget_type=\"obfx-pricing-table.default\">\n\t\t\t\t<div class=\"elementor-widget-container\">\n\t\t\t\t\t<div class=\"obfx-pricing-table-wrapper\"><div class=\"obfx-title-wrapper\"><h3 class=\"obfx-pricing-table-title\">Einmalige Beitrittsgeb\u00fchr<\/h3><\/div> <!-- \/.obfx-title-wrapper --><div class=\"obfx-price-wrapper\"><span class=\"obfx-price-currency\">\u20ac<\/span><span class=\"obfx-price\">49<\/span><\/div> <!-- \/.obfx-price-wrapper --><ul class=\"obfx-feature-list\"><li><i class=\"obfx-pricing-table-feature-icon fas fa-star\" aria-hidden=\"true\"><\/i><span class=\"obfx-pricing-table-accented\">Beispielhafte Voreinstellungen<\/span> <\/li><li><i class=\"obfx-pricing-table-feature-icon fas fa-star\" aria-hidden=\"true\"><\/i><span class=\"obfx-pricing-table-accented\">Grundzug\u00e4nge Voreingestellt<\/span> <\/li><li><i class=\"obfx-pricing-table-feature-icon fas fa-star\" aria-hidden=\"true\"><\/i><span class=\"obfx-pricing-table-accented\">Individuelle Installation<\/span> <\/li><li><i class=\"obfx-pricing-table-feature-icon fas fa-star\" aria-hidden=\"true\"><\/i><span class=\"obfx-pricing-table-accented\">SSL Verschl\u00fcsselung<\/span> <\/li><li><i class=\"obfx-pricing-table-feature-icon fas fa-star\" aria-hidden=\"true\"><\/i><span class=\"obfx-pricing-table-accented\">Bezahlung auf Rechnung<\/span> <\/li><li><i class=\"obfx-pricing-table-feature-icon fas fa-star\" aria-hidden=\"true\"><\/i><span class=\"obfx-pricing-table-accented\">14 t\u00e4giges Widerrufsrecht**<\/span> <\/li><\/ul><\/div> <!-- \/.obfx-pricing-table-wrapper -->\t\t\t\t<\/div>\n\t\t\t\t<\/div>\n\t\t\t\t\t<\/div>\n\t\t<\/div>\n\t\t\t\t<div class=\"elementor-column elementor-col-33 elementor-top-column elementor-element elementor-element-4c956d9\" data-id=\"4c956d9\" data-element_type=\"column\" data-e-type=\"column\" data-settings=\"{&quot;background_background&quot;:&quot;classic&quot;}\">\n\t\t\t<div class=\"elementor-widget-wrap elementor-element-populated\">\n\t\t\t\t\t\t<div class=\"elementor-element elementor-element-431cdfa elementor-widget elementor-widget-obfx-pricing-table\" data-id=\"431cdfa\" data-element_type=\"widget\" data-e-type=\"widget\" data-widget_type=\"obfx-pricing-table.default\">\n\t\t\t\t<div class=\"elementor-widget-container\">\n\t\t\t\t\t<div class=\"obfx-pricing-table-wrapper\"><div class=\"obfx-title-wrapper\"><h3 class=\"obfx-pricing-table-title\">J\u00e4hrliche Grundgeb\u00fchr<\/h3><p class=\"obfx-pricing-table-subtitle\">Wir gew\u00e4hren Ihnen im ersten Jahr eine erm\u00e4\u00dfigte Jahresgeb\u00fchr in H\u00f6he von 79 \u20ac pro Jahr, im Nachgang fallen 99 \u20ac \/ Jahr an.<\/p><\/div> <!-- \/.obfx-title-wrapper --><div class=\"obfx-price-wrapper\"><span class=\"obfx-price-currency\">\u20ac<\/span><span class=\"obfx-price\">79<\/span><span class=\"obfx-pricing-period\">\/Jahr<\/span><\/div> <!-- \/.obfx-price-wrapper --><ul class=\"obfx-feature-list\"><li><i class=\"obfx-pricing-table-feature-icon fas fa-star\" aria-hidden=\"true\"><\/i><span class=\"obfx-pricing-table-accented\">Transparente Jahresabrechung<\/span> <\/li><li><i class=\"obfx-pricing-table-feature-icon fas fa-star\" aria-hidden=\"true\"><\/i><span class=\"obfx-pricing-table-accented\">Zwei Jahre Preisgarantie<\/span> <\/li><li><i class=\"obfx-pricing-table-feature-icon fas fa-star\" aria-hidden=\"true\"><\/i><span class=\"obfx-pricing-table-accented\">Hosted in Germany<\/span> <\/li><li><i class=\"obfx-pricing-table-feature-icon fas fa-star\" aria-hidden=\"true\"><\/i><span class=\"obfx-pricing-table-accented\">Bezahlung auf Rechnung<\/span> <\/li><\/ul><div class=\"obfx-pricing-table-button-wrapper\"><a class=\"obfx-pricing-table-button\" href=\"#form\"><span class=\"obfx-button-icon-align-left\"><i class=\"\" aria-hidden=\"true\"><\/i><\/span><span class=\"elementor-button-text\">Zur Bestellanfrage<\/span><\/a><\/div> <!-- \/.obfx-pricing-table-button-wrapper --><\/div> <!-- \/.obfx-pricing-table-wrapper -->\t\t\t\t<\/div>\n\t\t\t\t<\/div>\n\t\t\t\t\t<\/div>\n\t\t<\/div>\n\t\t\t\t<div class=\"elementor-column elementor-col-33 elementor-top-column elementor-element elementor-element-c813de4\" data-id=\"c813de4\" data-element_type=\"column\" data-e-type=\"column\" data-settings=\"{&quot;background_background&quot;:&quot;classic&quot;}\">\n\t\t\t<div class=\"elementor-widget-wrap elementor-element-populated\">\n\t\t\t\t\t\t<div class=\"elementor-element elementor-element-1e977ff elementor-widget elementor-widget-obfx-pricing-table\" data-id=\"1e977ff\" data-element_type=\"widget\" data-e-type=\"widget\" data-widget_type=\"obfx-pricing-table.default\">\n\t\t\t\t<div class=\"elementor-widget-container\">\n\t\t\t\t\t<div class=\"obfx-pricing-table-wrapper\"><div class=\"obfx-title-wrapper\"><h3 class=\"obfx-pricing-table-title\">Optionales Customizing*<\/h3><p class=\"obfx-pricing-table-subtitle\">Im Rahmen eines Telefonats nehmen wir alle relevanten Stammdaten und  Rahmenparatmeter auf. <\/p><\/div> <!-- \/.obfx-title-wrapper --><div class=\"obfx-price-wrapper\"><span class=\"obfx-price-currency\">\u20ac<\/span><span class=\"obfx-price\">179<\/span><\/div> <!-- \/.obfx-price-wrapper --><ul class=\"obfx-feature-list\"><li><i class=\"obfx-pricing-table-feature-icon fas fa-star\" aria-hidden=\"true\"><\/i><span class=\"obfx-pricing-table-accented\">Stammdatenaufnahme<\/span> <\/li><li><i class=\"obfx-pricing-table-feature-icon fas fa-star\" aria-hidden=\"true\"><\/i><span class=\"obfx-pricing-table-accented\">Vorkonfiguration der Platz- und Buchungzeiten<\/span> <\/li><li><i class=\"obfx-pricing-table-feature-icon fas fa-star\" aria-hidden=\"true\"><\/i><span class=\"obfx-pricing-table-accented\">Aufruf unter Vereinsdomain URL<\/span> <\/li><li><i class=\"obfx-pricing-table-feature-icon fas fa-star\" aria-hidden=\"true\"><\/i><span class=\"obfx-pricing-table-accented\">QR-Code zum Buchen<\/span> <\/li><li><i class=\"obfx-pricing-table-feature-icon fas fa-star\" aria-hidden=\"true\"><\/i><span class=\"obfx-pricing-table-accented\">Logointegration<\/span> <\/li><li><i class=\"obfx-pricing-table-feature-icon fas fa-star\" aria-hidden=\"true\"><\/i><span class=\"obfx-pricing-table-accented\">Bezahlung auf Rechnung<\/span> <\/li><\/ul><\/div> <!-- \/.obfx-pricing-table-wrapper -->\t\t\t\t<\/div>\n\t\t\t\t<\/div>\n\t\t\t\t\t<\/div>\n\t\t<\/div>\n\t\t\t\t\t<\/div>\n\t\t<\/section>\n\t\t\t\t<section class=\"elementor-section elementor-top-section elementor-element elementor-element-e6c5970 elementor-section-boxed elementor-section-height-default elementor-section-height-default\" data-id=\"e6c5970\" data-element_type=\"section\" data-e-type=\"section\">\n\t\t\t\t\t\t<div class=\"elementor-container elementor-column-gap-default\">\n\t\t\t\t\t<div class=\"elementor-column elementor-col-100 elementor-top-column elementor-element elementor-element-d380be9\" data-id=\"d380be9\" data-element_type=\"column\" data-e-type=\"column\">\n\t\t\t<div class=\"elementor-widget-wrap elementor-element-populated\">\n\t\t\t\t\t\t<div class=\"elementor-element elementor-element-71cc017 elementor-widget elementor-widget-text-editor\" data-id=\"71cc017\" data-element_type=\"widget\" data-e-type=\"widget\" data-widget_type=\"text-editor.default\">\n\t\t\t\t<div class=\"elementor-widget-container\">\n\t\t\t\t\t\t\t\t\t<p>* Wir behalten uns vor den zu leistenden Aufwand auf maximal zwei Stunden zu beschr\u00e4nken.<\/p><p>** Gilt ausschlie\u00dflich f\u00fcr die Beitrittsgeb\u00fchr.<\/p>\t\t\t\t\t\t\t\t<\/div>\n\t\t\t\t<\/div>\n\t\t\t\t\t<\/div>\n\t\t<\/div>\n\t\t\t\t\t<\/div>\n\t\t<\/section>\n\t\t\t\t<section class=\"elementor-section elementor-top-section elementor-element elementor-element-c2cc155 elementor-section-boxed elementor-section-height-default elementor-section-height-default\" data-id=\"c2cc155\" data-element_type=\"section\" data-e-type=\"section\" id=\"form\">\n\t\t\t\t\t\t<div class=\"elementor-container elementor-column-gap-default\">\n\t\t\t\t\t<div class=\"elementor-column elementor-col-100 elementor-top-column elementor-element elementor-element-19f89f8\" data-id=\"19f89f8\" data-element_type=\"column\" data-e-type=\"column\">\n\t\t\t<div class=\"elementor-widget-wrap elementor-element-populated\">\n\t\t\t\t\t\t<div class=\"elementor-element elementor-element-26d12cc elementor-widget elementor-widget-content_form_contact\" data-id=\"26d12cc\" data-element_type=\"widget\" data-e-type=\"widget\" data-widget_type=\"content_form_contact.default\">\n\t\t\t\t<div class=\"elementor-widget-container\">\n\t\t\t\t\t<form action=\"https:\/\/www.comrobot.de\/wp-admin\/admin-post.php\" method=\"post\" name=\"content-form-26d12cc\" id=\"content-form-26d12cc\" class=\"ti-cf-module content-form content-form-contact content_form_contact\"><input type=\"hidden\" id=\"_wpnonce_contact\" name=\"_wpnonce_contact\" value=\"74909d693b\" \/><input type=\"hidden\" name=\"_wp_http_referer\" value=\"\/?page_id=366\" \/><input type=\"hidden\" name=\"action\" value=\"content_form_submit\" \/><input type=\"hidden\" name=\"form-type\" value=\"contact\" \/><input type=\"hidden\" name=\"form-builder\" value=\"elementor\" \/><input type=\"hidden\" name=\"post-id\" value=\"366\" \/><input type=\"hidden\" name=\"form-id\" value=\"26d12cc\" \/><fieldset class=&quot;content-form-field-text elementor-column elementor-col-100&quot;><label for=\"data[26d12cc][name]\" >Verein \/ Firma<span class=\"required-mark\"> *<\/span><\/label><input type=\"text\" name=\"data[26d12cc][name]\" id=\"data[26d12cc][name]\" required=required  placeholder=\"Name\"><\/fieldset><fieldset class=&quot;content-form-field-text elementor-column elementor-col-100&quot;><label for=\"data[26d12cc][vornahme]\" >Vornahme<span class=\"required-mark\"> *<\/span><\/label><input type=\"text\" name=\"data[26d12cc][vornahme]\" id=\"data[26d12cc][vornahme]\" required=required  placeholder=\"Vorname\"><\/fieldset><fieldset class=&quot;content-form-field-text elementor-column elementor-col-100&quot;><label for=\"data[26d12cc][nachname]\" >Nachname<span class=\"required-mark\"> *<\/span><\/label><input type=\"text\" name=\"data[26d12cc][nachname]\" id=\"data[26d12cc][nachname]\" required=required  placeholder=\"Nachname\"><\/fieldset><fieldset class=&quot;content-form-field-email elementor-column elementor-col-100&quot;><label for=\"data[26d12cc][email]\" >Email<span class=\"required-mark\"> *<\/span><\/label><input type=\"text\" name=\"data[26d12cc][email]\" id=\"data[26d12cc][email]\" required=required  placeholder=\"Email\"><\/fieldset><fieldset class=&quot;content-form-field-number elementor-column elementor-col-100&quot;><label for=\"data[26d12cc][phone]\" >Telefon<span class=\"required-mark\"> *<\/span><\/label><input type=\"text\" name=\"data[26d12cc][phone]\" id=\"data[26d12cc][phone]\" required=required  placeholder=\"Tel.\"><\/fieldset><fieldset class=&quot;content-form-field-text elementor-column elementor-col-100&quot;><label for=\"data[26d12cc][customizing-erwuenscht]\" >Customizing erw\u00fcnscht<span class=\"required-mark\"> *<\/span><\/label><input type=\"text\" name=\"data[26d12cc][customizing-erwuenscht]\" id=\"data[26d12cc][customizing-erwuenscht]\" required=required  placeholder=\"Ja \/ Nein\"><\/fieldset><fieldset class=&quot;content-form-field-textarea elementor-column elementor-col-100&quot;><label for=\"data[26d12cc][message]\" >Bemerkungen<\/label><textarea name=\"data[26d12cc][message]\" id=\"data[26d12cc][message]\"   placeholder=\"Text\" cols=\"30\" rows=\"5\"><\/textarea><\/fieldset><fieldset class=\"submit-form contact\"><button type=\"submit\" name=\"submit\"  value=\"submit-contact-26d12cc\" class=\"\">Bestellanfrage \u00fcbermittlen<\/button><\/fieldset><\/form>\t\t\t\t<\/div>\n\t\t\t\t<\/div>\n\t\t\t\t\t<\/div>\n\t\t<\/div>\n\t\t\t\t\t<\/div>\n\t\t<\/section>\n\t\t\t\t<\/div>\n\t\t","protected":false},"excerpt":{"rendered":"<p>Stelle hier deine Bestellanfrage und starte mit der digitalen Platzverwaltung Einmalige Beitrittsgeb\u00fchr \u20ac49 Beispielhafte Voreinstellungen Grundzug\u00e4nge Voreingestellt Individuelle Installation SSL Verschl\u00fcsselung Bezahlung auf Rechnung 14 t\u00e4giges Widerrufsrecht** J\u00e4hrliche Grundgeb\u00fchr Wir gew\u00e4hren Ihnen im ersten Jahr eine erm\u00e4\u00dfigte Jahresgeb\u00fchr in H\u00f6he von 79 \u20ac pro Jahr, im Nachgang fallen 99 \u20ac [&hellip;]<\/p>\n","protected":false},"author":1,"featured_media":0,"parent":0,"menu_order":0,"comment_status":"closed","ping_status":"closed","template":"page-templates\/template-pagebuilder-full-width.php","meta":{"footnotes":""},"class_list":["post-366","page","type-page","status-publish","hentry"],"_links":{"self":[{"href":"https:\/\/www.comrobot.de\/index.php?rest_route=\/wp\/v2\/pages\/366","targetHints":{"allow":["GET"]}}],"collection":[{"href":"https:\/\/www.comrobot.de\/index.php?rest_route=\/wp\/v2\/pages"}],"about":[{"href":"https:\/\/www.comrobot.de\/index.php?rest_route=\/wp\/v2\/types\/page"}],"author":[{"embeddable":true,"href":"https:\/\/www.comrobot.de\/index.php?rest_route=\/wp\/v2\/users\/1"}],"replies":[{"embeddable":true,"href":"https:\/\/www.comrobot.de\/index.php?rest_route=%2Fwp%2Fv2%2Fcomments&post=366"}],"version-history":[{"count":149,"href":"https:\/\/www.comrobot.de\/index.php?rest_route=\/wp\/v2\/pages\/366\/revisions"}],"predecessor-version":[{"id":629,"href":"https:\/\/www.comrobot.de\/index.php?rest_route=\/wp\/v2\/pages\/366\/revisions\/629"}],"wp:attachment":[{"href":"https:\/\/www.comrobot.de\/index.php?rest_route=%2Fwp%2Fv2%2Fmedia&parent=366"}],"curies":[{"name":"wp","href":"https:\/\/api.w.org\/{rel}","templated":true}]}}